{"id":783,"date":"2024-08-03T08:58:10","date_gmt":"2024-08-03T08:58:10","guid":{"rendered":"https:\/\/longhaiseafood.vn\/?post_type=product&#038;p=783"},"modified":"2024-08-19T02:43:25","modified_gmt":"2024-08-19T02:43:25","slug":"cha-ca","status":"publish","type":"product","link":"https:\/\/longhaiseafood.vn\/vi\/products\/cha-ca\/","title":{"rendered":"Ch\u1ea3 c\u00e1"},"content":{"rendered":"<p>Ch\u1ea3 c\u00e1 bi\u1ec3n \u2013 H\u01b0\u01a1ng v\u1ecb \u0111\u1ea1i d\u01b0\u01a1ng trong t\u1eebng mi\u1ebfng \u0103n<\/p>\n<p>B\u1ea1n \u0111\u00e3 bao gi\u1edd t\u1ef1 h\u1ecfi c\u00e1c m\u00f3n h\u1ea3i s\u1ea3n s\u1ebd ngon \u0111\u1ebfn m\u1ee9c n\u00e0o n\u1ebfu ch\u00fang \u0111\u01b0\u1ee3c ch\u1ebf bi\u1ebfn th\u00e0nh ch\u1ea3 c\u00e1 kh\u00f4ng? H\u00e3y \u0111\u1ec3 ch\u00fang t\u00f4i gi\u1edbi thi\u1ec7u \u0111\u1ebfn b\u1ea1n Ch\u1ea3 c\u00e1 bi\u1ec3n \u2013 s\u1ef1 k\u1ebft h\u1ee3p ho\u00e0n h\u1ea3o gi\u1eefa c\u00e1c nguy\u00ean li\u1ec7u t\u01b0\u01a1i ngon v\u00e0 c\u00f4ng th\u1ee9c truy\u1ec1n th\u1ed1ng, mang \u0111\u1ebfn h\u01b0\u01a1ng v\u1ecb \u0111\u1eb7c bi\u1ec7t v\u00e0 tr\u1ea3i nghi\u1ec7m \u1ea9m th\u1ef1c \u0111\u1ed9c \u0111\u00e1o.<\/p>\n<p>Th\u00e0nh ph\u1ea7n:<br \/>\n90% c\u00e1 bi\u1ec3n t\u01b0\u01a1i, \u0111\u01b0\u1ee3c l\u1ef1a ch\u1ecdn c\u1ea9n th\u1eadn t\u1eeb c\u00e1c v\u00f9ng bi\u1ec3n s\u1ea1ch nh\u1ea5t<br \/>\nM\u1ee1 l\u1ee3n: 3% &#8211; th\u00eam v\u1eeba \u0111\u1ee7 \u0111\u1ed9 b\u00e9o ng\u1eady, t\u0103ng th\u00eam s\u1ee9c h\u1ea5p d\u1eabn cho b\u00e1nh c\u00e1<br \/>\nH\u00e0nh kh\u00f4: 4% &#8211; l\u00e0m phong ph\u00fa th\u00eam h\u01b0\u01a1ng v\u1ecb, khi\u1ebfn b\u1ea1n kh\u00f4ng th\u1ec3 n\u00e0o qu\u00ean<br \/>\nT\u1ecfi: 2% &#8211; mang \u0111\u1ebfn h\u01b0\u01a1ng th\u01a1m \u0111\u1eb7c tr\u01b0ng, \u200b\u200bk\u00edch th\u00edch v\u1ecb gi\u00e1c.<br \/>\nH\u1ea1t ti\u00eau \u0111en: 1% &#8211; mang \u0111\u1ebfn h\u01b0\u01a1ng v\u1ecb \u1ea5m \u00e1p, cay n\u1ed3ng, l\u00e0m t\u0103ng th\u00eam h\u01b0\u01a1ng v\u1ecb \u0111\u1eb7c tr\u01b0ng c\u1ee7a b\u00e1nh c\u00e1<br \/>\nB\u1ed9t tr\u1ee9ng: 1% &#8211; \u0111\u1ea3m b\u1ea3o s\u1ef1 k\u1ebft d\u00ednh ho\u00e0n h\u1ea3o, gi\u00fap b\u00e1nh c\u00e1 m\u1ecbn v\u00e0 d\u1ec5 n\u1ea5u<\/p>\n<p>Ch\u1ea3 c\u00e1 bi\u1ec3n kh\u00f4ng ch\u1ec9 l\u00e0 m\u1ed9t m\u00f3n \u0103n ngon v\u00e0 b\u1ed5 d\u01b0\u1ee1ng m\u00e0 c\u00f2n l\u00e0 bi\u1ec3u t\u01b0\u1ee3ng c\u1ee7a \u1ea9m th\u1ef1c truy\u1ec1n th\u1ed1ng, \u0111\u01b0a b\u1ea1n tr\u1edf v\u1ec1 v\u1edbi nh\u1eefng k\u1ef7 ni\u1ec7m \u1ea5m \u00e1p b\u00ean gia \u0111\u00ecnh v\u00e0 b\u1ea1n b\u00e8. V\u1edbi h\u01b0\u01a1ng v\u1ecb \u0111\u1eadm \u0111\u00e0, tinh t\u1ebf, ch\u1ea3 c\u00e1 bi\u1ec3n c\u00f3 th\u1ec3 l\u00e0 nguy\u00ean li\u1ec7u ch\u00ednh trong nhi\u1ec1u m\u00f3n \u0103n, t\u1eeb chi\u00ean gi\u00f2n, n\u01b0\u1edbng, h\u1ea5p, \u0111\u1ebfn n\u1ea5u s\u00fap, x\u00e0o, ho\u1eb7c th\u1eadm ch\u00ed l\u00e0m nh\u00e2n cho b\u00e1nh sandwich.<\/p>\n<p>C\u00e1ch s\u1eed d\u1ee5ng:<br \/>\nChi\u00ean: Th\u01b0\u1edfng th\u1ee9c ch\u1ea3 c\u00e1 gi\u00f2n, v\u00e0ng n\u00e2u v\u1edbi l\u1edbp v\u1ecf ngo\u00e0i gi\u00f2n tan v\u00e0 l\u1edbp nh\u00e2n b\u00ean trong m\u1ec1m m\u1ea1i.<br \/>\nN\u01b0\u1edbng: Mang \u0111\u1ebfn h\u01b0\u01a1ng v\u1ecb th\u01a1m ngon, h\u1ea5p d\u1eabn v\u1edbi l\u1edbp v\u1ecf ngo\u00e0i v\u00e0ng \u01b0\u01a1m.<br \/>\nH\u1ea5p: Gi\u1eef nguy\u00ean v\u1ecb ng\u1ecdt t\u1ef1 nhi\u00ean c\u1ee7a c\u00e1, l\u00fd t\u01b0\u1edfng cho nh\u1eefng ai th\u00edch c\u00e1c b\u1eefa \u0103n nh\u1eb9 v\u00e0 l\u00e0nh m\u1ea1nh.<br \/>\nN\u1ea5u s\u00fap: Th\u00eam n\u01b0\u1edbc d\u00f9ng ng\u1ecdt ng\u00e0o, b\u1ed5 d\u01b0\u1ee1ng, ho\u00e0n h\u1ea3o cho m\u1ed9t b\u1eefa \u0103n th\u1ecbnh so\u1ea1n.<\/p>\n<p>H\u00e3y \u0111\u1ec3 ch\u1ea3 c\u00e1 bi\u1ec3n mang \u0111\u1ebfn nh\u1eefng b\u1eefa \u0103n ngon, b\u1ed5 d\u01b0\u1ee1ng v\u00e0 tr\u00e0n \u0111\u1ea7y n\u0103ng l\u01b0\u1ee3ng cho b\u1ea1n v\u00e0 gia \u0111\u00ecnh. Ch\u1ea3 c\u00e1 bi\u1ec3n \u2013 H\u01b0\u01a1ng v\u1ecb tuy\u1ec7t v\u1eddi c\u1ee7a \u0111\u1ea1i d\u01b0\u01a1ng, \u0111\u00e1nh th\u1ee9c m\u1ecdi gi\u00e1c quan c\u1ee7a b\u1ea1n!<\/p>\n","protected":false},"excerpt":{"rendered":"<p><strong>Th\u00e0nh ph\u1ea7n:<\/strong><\/p>\n<ul>\n<li>90% c\u00e1 bi\u1ec3n t\u01b0\u01a1i<\/li>\n<li>M\u1ee1 l\u1ee3n: 3%<\/li>\n<li>H\u00e0nh kh\u00f4: 4%<\/li>\n<li>T\u1ecfi: 2%<\/li>\n<li>H\u1ea1t ti\u00eau \u0111en: 1%<\/li>\n<li>B\u1ed9t tr\u1ee9ng: 1%<\/li>\n<\/ul>\n","protected":false},"featured_media":777,"comment_status":"open","ping_status":"closed","template":"","meta":[],"product_brand":[],"product_cat":[57],"product_tag":[],"class_list":{"0":"post-783","1":"product","2":"type-product","3":"status-publish","4":"has-post-thumbnail","6":"product_cat-cha-ca","8":"first","9":"instock","10":"shipping-taxable","11":"product-type-simple"},"acf":[],"_links":{"self":[{"href":"https:\/\/longhaiseafood.vn\/vi\/wp-json\/wp\/v2\/product\/783","targetHints":{"allow":["GET"]}}],"collection":[{"href":"https:\/\/longhaiseafood.vn\/vi\/wp-json\/wp\/v2\/product"}],"about":[{"href":"https:\/\/longhaiseafood.vn\/vi\/wp-json\/wp\/v2\/types\/product"}],"replies":[{"embeddable":true,"href":"https:\/\/longhaiseafood.vn\/vi\/wp-json\/wp\/v2\/comments?post=783"}],"wp:featuredmedia":[{"embeddable":true,"href":"https:\/\/longhaiseafood.vn\/vi\/wp-json\/wp\/v2\/media\/777"}],"wp:attachment":[{"href":"https:\/\/longhaiseafood.vn\/vi\/wp-json\/wp\/v2\/media?parent=783"}],"wp:term":[{"taxonomy":"product_brand","embeddable":true,"href":"https:\/\/longhaiseafood.vn\/vi\/wp-json\/wp\/v2\/product_brand?post=783"},{"taxonomy":"product_cat","embeddable":true,"href":"https:\/\/longhaiseafood.vn\/vi\/wp-json\/wp\/v2\/product_cat?post=783"},{"taxonomy":"product_tag","embeddable":true,"href":"https:\/\/longhaiseafood.vn\/vi\/wp-json\/wp\/v2\/product_tag?post=783"}],"curies":[{"name":"wp","href":"https:\/\/api.w.org\/{rel}","templated":true}]}}