{"id":681,"date":"2024-06-08T02:42:23","date_gmt":"2024-06-08T02:42:23","guid":{"rendered":"https:\/\/longhaiseafood.vn\/products\/ngao-2\/"},"modified":"2024-08-10T04:54:06","modified_gmt":"2024-08-10T04:54:06","slug":"ngao-2","status":"publish","type":"product","link":"https:\/\/longhaiseafood.vn\/vi\/products\/ngao-2\/","title":{"rendered":"Ngao tr\u1eafng"},"content":{"rendered":"<p>Tr\u1eafng \u0111\u00f4ng l\u1ea1nh, c\u00f2n v\u1ecf<\/p>\n<p><strong>T\u00ean khoa h\u1ecdc:<\/strong> Meretrix lyrata Meretrix lyrata<\/p>\n<h3><strong>Ti\u00eau chu\u1ea9n h\u00f3a h\u1ecdc<\/strong><\/h3>\n<ul>\n<li>\u0110\u1ed9c t\u1ed1: Kh\u00f4ng<\/li>\n<li>D\u01b0 l\u01b0\u1ee3ng kh\u00e1ng sinh: Kh\u00f4ng<\/li>\n<li>D\u01b0 l\u01b0\u1ee3ng kim lo\u1ea1i n\u1eb7ng: Theo ti\u00eau chu\u1ea9n th\u1ef1c ph\u1ea9m qu\u1ed1c t\u1ebf<\/li>\n<\/ul>\n<h3><strong>Ti\u00eau chu\u1ea9n vi sinh<\/strong><\/h3>\n<ul>\n<li>Salmonella: \u00c2m t\u00ednh<\/li>\n<li>Ecoli: \u00c2m t\u00ednh<\/li>\n<li>TPC: Theo ti\u00eau chu\u1ea9n th\u1ef1c ph\u1ea9m qu\u1ed1c t\u1ebf<\/li>\n<\/ul>\n<p><strong style=\"font-size: 20.16px;\">Ti\u00eau chu\u1ea9n v\u1eadt l\u00fd<\/strong><\/p>\n<ul>\n<li>Th\u1ecbt ngh\u00eau: Kh\u00f4ng c\u00f3 b\u00f9n ho\u1eb7c c\u00e1t<\/li>\n<li>V\u1ecf ngh\u00eau: Kh\u00f4ng c\u00f3 b\u00f9n ho\u1eb7c c\u00e1t<\/li>\n<li>V\u1eadt l\u1ea1: Kh\u00f4ng<\/li>\n<\/ul>\n<p>\u2026v\u00e0 m\u1ed9t s\u1ed1 ti\u00eau chu\u1ea9n kh\u00e1c<\/p>\n","protected":false},"excerpt":{"rendered":"<table style=\"border-style: none;\">\n<tbody>\n<tr>\n<td><strong>Size:<\/strong><\/td>\n<td>11-16, 17-22, 23-28, 40\/60, 50\/70, 60\/80, 80\/100, 100-120, 120 up<\/td>\n<\/tr>\n<tr>\n<td><strong>Packaging:<\/strong><\/td>\n<td>Tray\/ box\/PE\/bulk<\/td>\n<\/tr>\n<tr>\n<td><strong>Made in<\/strong>:<\/td>\n<td>Vietnam<\/td>\n<\/tr>\n<\/tbody>\n<\/table>\n<p>&nbsp;<\/p>\n<p>&nbsp;<\/p>\n","protected":false},"featured_media":729,"comment_status":"open","ping_status":"closed","template":"","meta":[],"product_brand":[],"product_cat":[53],"product_tag":[],"class_list":{"0":"post-681","1":"product","2":"type-product","3":"status-publish","4":"has-post-thumbnail","6":"product_cat-ngheu","8":"first","9":"instock","10":"shipping-taxable","11":"product-type-simple"},"acf":[],"_links":{"self":[{"href":"https:\/\/longhaiseafood.vn\/vi\/wp-json\/wp\/v2\/product\/681","targetHints":{"allow":["GET"]}}],"collection":[{"href":"https:\/\/longhaiseafood.vn\/vi\/wp-json\/wp\/v2\/product"}],"about":[{"href":"https:\/\/longhaiseafood.vn\/vi\/wp-json\/wp\/v2\/types\/product"}],"replies":[{"embeddable":true,"href":"https:\/\/longhaiseafood.vn\/vi\/wp-json\/wp\/v2\/comments?post=681"}],"wp:featuredmedia":[{"embeddable":true,"href":"https:\/\/longhaiseafood.vn\/vi\/wp-json\/wp\/v2\/media\/729"}],"wp:attachment":[{"href":"https:\/\/longhaiseafood.vn\/vi\/wp-json\/wp\/v2\/media?parent=681"}],"wp:term":[{"taxonomy":"product_brand","embeddable":true,"href":"https:\/\/longhaiseafood.vn\/vi\/wp-json\/wp\/v2\/product_brand?post=681"},{"taxonomy":"product_cat","embeddable":true,"href":"https:\/\/longhaiseafood.vn\/vi\/wp-json\/wp\/v2\/product_cat?post=681"},{"taxonomy":"product_tag","embeddable":true,"href":"https:\/\/longhaiseafood.vn\/vi\/wp-json\/wp\/v2\/product_tag?post=681"}],"curies":[{"name":"wp","href":"https:\/\/api.w.org\/{rel}","templated":true}]}}