{"id":533,"date":"2024-05-30T04:41:36","date_gmt":"2024-05-30T04:41:36","guid":{"rendered":"https:\/\/longhaiseafood.vn\/about-us\/"},"modified":"2024-10-04T02:56:25","modified_gmt":"2024-10-04T02:56:25","slug":"gioi-thieu","status":"publish","type":"page","link":"https:\/\/longhaiseafood.vn\/vi\/gioi-thieu\/","title":{"rendered":"Gi\u1edbi thi\u1ec7u"},"content":{"rendered":"\n <section class=\"section banner_wrap bg_social\">\n  <img width=\"1920\" height=\"711\" src=\"\n        https:\/\/longhaiseafood.vn\/wp-content\/uploads\/2024\/06\/2.png\" class=\"\" alt=\"\" decoding=\"async\" loading=\"lazy\">\n  <div class=\"nav_bar about_nav grid-container\">\n    <ul>\n               <li class=\"s\">\n        <a href=\"#section_2\" title=\"TH\u01af NG\u1ece\" target=\"\"> TH\u01af NG\u1ece <\/a>\n      <\/li>\n              <li class=\"\">\n        <a href=\"#section_3\" title=\"TRI\u1ebeT L\u00dd\" target=\"\"> TRI\u1ebeT L\u00dd <\/a>\n      <\/li>\n              <li class=\"\">\n        <a href=\"#section_4\" title=\"L\u1ecaCH S\u1eec\" target=\"\"> L\u1ecaCH S\u1eec <\/a>\n      <\/li>\n              <li class=\"\">\n        <a href=\"#section_5\" title=\"N\u0102NG L\u1ef0C S\u1ea2N XU\u1ea4T\" target=\"\"> N\u0102NG L\u1ef0C S\u1ea2N XU\u1ea4T <\/a>\n      <\/li>\n             \n    <\/ul>\n  <\/div>\n  <section class=\"section nav_bar about_nav fixed\">\n    <div class=\"grid-container\">\n      <ul>\n               <li class=\"active\">\n        <a href=\"#section_2\" title=\"TH\u01af NG\u1ece\" target=\"\"> TH\u01af NG\u1ece <\/a>\n      <\/li>\n              <li class=\"\">\n        <a href=\"#section_3\" title=\"TRI\u1ebeT L\u00dd\" target=\"\"> TRI\u1ebeT L\u00dd <\/a>\n      <\/li>\n              <li class=\"\">\n        <a href=\"#section_4\" title=\"L\u1ecaCH S\u1eec\" target=\"\"> L\u1ecaCH S\u1eec <\/a>\n      <\/li>\n              <li class=\"\">\n        <a href=\"#section_5\" title=\"N\u0102NG L\u1ef0C S\u1ea2N XU\u1ea4T\" target=\"\"> N\u0102NG L\u1ef0C S\u1ea2N XU\u1ea4T <\/a>\n      <\/li>\n              <\/ul>\n    <\/div>\n  <\/section>\n  <div class=\"absolute aside_social\">\n    <ul class=\"social_wrap\">\n      <li class=\"social_item\">\n        <a href=\"https:\/\/www.facebook.com\/Phu-Cuong-Seafood\" title=\"\" target=\"\" rel=\"nofollow noopener\">\n          <img width=\"6\" height=\"12\" src=\"..\/wp-content\/uploads\/2023\/01\/Facebook.svg\" class=\"\" alt=\"\" decoding=\"async\" loading=\"lazy\">\n        <\/a>\n      <\/li>\n      <li class=\"social_item\">\n        <a href=\"#\" title=\"\" target=\"\">\n          <img width=\"13\" height=\"11\" src=\"..\/wp-content\/uploads\/2023\/01\/Subtract-1.svg\" class=\"\" alt=\"\" decoding=\"async\" loading=\"lazy\">\n        <\/a>\n      <\/li>\n      <li class=\"social_item\">\n        <a href=\"#\" title=\"\" target=\"\">\n          <img width=\"14\" height=\"10\" src=\"..\/wp-content\/uploads\/2023\/01\/Subtract.svg\" class=\"\" alt=\"\" decoding=\"async\" loading=\"lazy\">\n        <\/a>\n      <\/li>\n      <li class=\"social_item\">\n        <a href=\"#\" title=\"\" target=\"\">\n          <img width=\"11\" height=\"10\" src=\"..\/wp-content\/uploads\/2023\/01\/Vector.svg\" class=\"\" alt=\"\" decoding=\"async\" loading=\"lazy\">\n        <\/a>\n      <\/li>\n    <\/ul>\n  <\/div>\n<\/section> \n\n    <section class=\"section breadcrumbs\"><div class=\"grid-container\"><div id=\"breadcrumb\" class=\"navigation\"><nav class=\"breadcrumb\"><ul><li class=\"list_br\"><a title=\"Home\" itemprop=\"url\" href=\"..\/index.html\"><cite itemprop=\"title\"><svg width=\"16\" height=\"16\" viewBox=\"0 0 16 16\" fill=\"none\" xmlns=\"http:\/\/www.w3.org\/2000\/svg\">\n<path d=\"M9.74954 14.4523V10.7022C9.74954 10.5364 9.68369 10.3774 9.56648 10.2602C9.44927 10.143 9.2903 10.0772 9.12454 10.0772H6.62454C6.45878 10.0772 6.29981 10.143 6.1826 10.2602C6.06539 10.3774 5.99954 10.5364 5.99954 10.7022V14.4523C5.99954 14.618 5.9337 14.777 5.81651 14.8942C5.69932 15.0114 5.54037 15.0772 5.37462 15.0773L1.62508 15.0777C1.543 15.0778 1.46171 15.0616 1.38588 15.0302C1.31004 14.9988 1.24113 14.9528 1.18309 14.8947C1.12504 14.8367 1.079 14.7678 1.04758 14.6919C1.01617 14.6161 1 14.5348 1 14.4527V7.22928C1 7.1422 1.01819 7.05609 1.05342 6.97646C1.08864 6.89683 1.14011 6.82543 1.20454 6.76685L7.45411 1.08445C7.56915 0.979845 7.71906 0.92188 7.87455 0.921875C8.03004 0.92187 8.17995 0.979825 8.295 1.08442L14.5454 6.76685C14.6099 6.82543 14.6613 6.89683 14.6966 6.97646C14.7318 7.0561 14.75 7.14222 14.75 7.2293V14.4528C14.75 14.5348 14.7338 14.6161 14.7024 14.6919C14.671 14.7678 14.625 14.8367 14.5669 14.8947C14.5089 14.9528 14.44 14.9988 14.3641 15.0302C14.2883 15.0616 14.207 15.0778 14.1249 15.0778L10.3745 15.0773C10.2087 15.0772 10.0498 15.0114 9.93257 14.8942C9.81538 14.777 9.74954 14.618 9.74954 14.4523V14.4523Z\" stroke=\"#666666\" stroke-linecap=\"round\" stroke-linejoin=\"round\"><\/path>\n<\/svg>\n<\/cite><\/a><\/li><span class=\"divider\"><svg width=\"6\" height=\"12\" viewBox=\"0 0 6 12\" fill=\"none\" xmlns=\"http:\/\/www.w3.org\/2000\/svg\">\n<path d=\"M0.75 1.3125L5.4375 6L0.75 10.6875\" stroke=\"#666666\" stroke-linecap=\"round\" stroke-linejoin=\"round\"><\/path>\n<\/svg>\n<\/span><li title=\"About Us\" class=\"title_single\"><cite itemprop=\"title\">Gi\u1edbi thi\u1ec7u<\/cite><\/li><\/ul><\/nav><\/div><\/div><\/section>\n\n <section class=\"section about_2 cus_bg\" id=\"section_2\" style=\"background-image: url('https:\/\/longhaiseafood.vn\/wp-content\/uploads\/2024\/06\/bgr-2.jpg')\">\n  <div class=\"grid-container\">\n    <div class=\"grid-60 tablet-grid-60 mobile-grid-100\">\n         \n      <div class=\"message active\" id=\"mess_0\">\n        <div class=\"name\">\n          <p>\n            <p><strong>Th\u01b0 Ng\u1ecf<\/strong><\/p>\n          <\/p>\n        <\/div>\n        <div class=\"mess\">\n                  <p>\u0110\u01b0\u1ee3c th\u00e0nh l\u1eadp v\u00e0o n\u0103m 2002, Long H\u1ea3i Seafood t\u1eadn d\u1ee5ng v\u1ecb tr\u00ed \u0111\u1eafc \u0111\u1ecba c\u1ee7a m\u00ecnh t\u1ea1i C\u1ea3ng L\u1ea1ch B\u00e0ng, Vi\u1ec7t Nam \u0111\u1ec3 cung c\u1ea5p s\u1ed1 l\u01b0\u1ee3ng l\u1edbn h\u1ea3i s\u1ea3n t\u01b0\u01a1i s\u1ed1ng, ch\u1ea5t l\u01b0\u1ee3ng cao.\n\nLong H\u1ea3i m\u1edf r\u1ed9ng s\u1ea3n xu\u1ea5t v\u00e0o n\u0103m 2008 v\u1edbi d\u00f2ng s\u1ea3n ph\u1ea9m Surimi nh\u1edd s\u1eed d\u1ee5ng c\u00f4ng ngh\u1ec7 ti\u00ean ti\u1ebfn v\u00e0 \u0111\u1ed9i ng\u0169 nh\u00e2n vi\u00ean gi\u00e0u kinh nghi\u1ec7m. Surimi \u0111\u01b0\u1ee3c ch\u1ebf bi\u1ebfn theo ti\u00eau chu\u1ea9n HACCP c\u1ee7a ch\u00fang t\u00f4i \u0111\u01b0\u1ee3c \u01b0a chu\u1ed9ng \u1edf Ch\u00e2u \u00c1 v\u00e0 \u0111ang m\u1edf r\u1ed9ng sang EU.\n\nTi\u1ebfp theo l\u00e0 s\u1ea3n ph\u1ea9m b\u1ed9t c\u00e1 v\u00e0o n\u0103m 2010 v\u00e0 v\u00e0o n\u0103m 2013\n\nCam k\u1ebft \u0111\u1ea1t \u0111\u1ebfn s\u1ef1 xu\u1ea5t s\u1eafc, ch\u00fang t\u00f4i c\u1ed1 g\u1eafng li\u00ean t\u1ee5c c\u1ea3i ti\u1ebfn c\u00e1c s\u1ea3n ph\u1ea9m v\u00e0 d\u1ecbch v\u1ee5 c\u1ee7a m\u00ecnh theo ph\u01b0\u01a1ng ch\u00e2m: 'T\u1ea5t c\u1ea3 v\u00ec s\u1ef1 an to\u00e0n c\u1ee7a con ng\u01b0\u1eddi v\u00e0 m\u00f4i tr\u01b0\u1eddng'.<\/p>\n                <\/div>\n            <\/div>\n            <div class=\" message \" id=\" mess_1\">\n          <div class=\"name\">\n            <p>\n              <p><strong>Th\u01b0 Ng\u1ecf<\/strong><\/p>\n            <\/p>\n          <\/div>\n          <div class=\"mess\">\n                     <p>\u0110\u01b0\u1ee3c th\u00e0nh l\u1eadp v\u00e0o n\u0103m 2002, Long H\u1ea3i Seafood t\u1eadn d\u1ee5ng v\u1ecb tr\u00ed \u0111\u1eafc \u0111\u1ecba c\u1ee7a m\u00ecnh t\u1ea1i C\u1ea3ng L\u1ea1ch B\u00e0ng, Vi\u1ec7t Nam \u0111\u1ec3 cung c\u1ea5p s\u1ed1 l\u01b0\u1ee3ng l\u1edbn h\u1ea3i s\u1ea3n t\u01b0\u01a1i s\u1ed1ng, ch\u1ea5t l\u01b0\u1ee3ng cao.\n\nLong H\u1ea3i m\u1edf r\u1ed9ng s\u1ea3n xu\u1ea5t v\u00e0o n\u0103m 2008 v\u1edbi d\u00f2ng s\u1ea3n ph\u1ea9m Surimi nh\u1edd s\u1eed d\u1ee5ng c\u00f4ng ngh\u1ec7 ti\u00ean ti\u1ebfn v\u00e0 \u0111\u1ed9i ng\u0169 nh\u00e2n vi\u00ean gi\u00e0u kinh nghi\u1ec7m. Surimi \u0111\u01b0\u1ee3c ch\u1ebf bi\u1ebfn theo ti\u00eau chu\u1ea9n HACCP c\u1ee7a ch\u00fang t\u00f4i \u0111\u01b0\u1ee3c \u01b0a chu\u1ed9ng \u1edf Ch\u00e2u \u00c1 v\u00e0 \u0111ang m\u1edf r\u1ed9ng sang EU.\n\nTi\u1ebfp theo l\u00e0 s\u1ea3n ph\u1ea9m b\u1ed9t c\u00e1 v\u00e0o n\u0103m 2010 v\u00e0 v\u00e0o n\u0103m 2013\n\nCam k\u1ebft \u0111\u1ea1t \u0111\u1ebfn s\u1ef1 xu\u1ea5t s\u1eafc, ch\u00fang t\u00f4i c\u1ed1 g\u1eafng li\u00ean t\u1ee5c c\u1ea3i ti\u1ebfn c\u00e1c s\u1ea3n ph\u1ea9m v\u00e0 d\u1ecbch v\u1ee5 c\u1ee7a m\u00ecnh theo ph\u01b0\u01a1ng ch\u00e2m: 'T\u1ea5t c\u1ea3 v\u00ec s\u1ef1 an to\u00e0n c\u1ee7a con ng\u01b0\u1eddi v\u00e0 m\u00f4i tr\u01b0\u1eddng'.<\/p>\n                <\/div>\n            <\/div>\n        <\/div>\n        <div class=\" grid-40 tablet-grid-40 mobile-grid-100\">\n            <div class=\"img_wrap active\" id=\"img_0\">\n              <img width=\"520\" height=\"601\" src=\"https:\/\/longhaiseafood.vn\/wp-content\/uploads\/2024\/06\/thu-ngo.png\" class=\"\" alt=\"\" decoding=\"async\" loading=\"lazy\"  \/>\n            <\/div>\n            <div class=\"img_wrap \" id=\"img_1\">\n              <img width=\"520\" height=\"601\" src=\"https:\/\/longhaiseafood.vn\/wp-content\/uploads\/2024\/06\/thu-ngo.png\" class=\"\" alt=\"\" decoding=\"async\" loading=\"lazy\"   \/>\n            <\/div>\n          <\/div>\n        <\/div>\n<\/section>\n \n\n \r\n    <section class=\"section about_3 cus_bg\" id=\"section_3\"  style=\"background-image: url('https:\/\/longhaiseafood.vn\/wp-content\/uploads\/2024\/06\/bgr-toan-cau.png')\">\r\n  <div class=\"grid-container\">\r\n    <div class=\"section_heading aos-init aos-animate\" data-aos=\"fade-up\" data-aos-delay=\"500\" data-aos-duration=\"700\">\r\n      <h1 class=\"sec_title text_white text_center\">   TRI\u00caT L\u00dd   <\/h1>\r\n    <\/div>\r\n    <div class=\"philosophy_wrap aos-init aos-animate\" data-aos=\"fade-up\" data-aos-delay=\"500\" data-aos-duration=\"700\">\r\n                           <div class=\"item\">\r\n        <div class=\"img_wrap\">\r\n          <img width=\"66\" height=\"65\" src=\"https:\/\/longhaiseafood.vn\/wp-content\/uploads\/2024\/06\/Union-2.svg\" class=\"\" alt=\"\" decoding=\"async\" loading=\"lazy\">\r\n        <\/div>\r\n        <div class=\"tt transition-3\"> T\u1ea7m nh\u00ecn <\/div>\r\n        <div class=\"cont\">\r\n          Tr\u1edf th\u00e0nh doanh nghi\u1ec7p xu\u1ea5t nh\u1eadp kh\u1ea9u th\u1ee7y s\u1ea3n d\u01b0\u1edbi nhi\u1ec1u h\u00ecnh th\u1ee9c h\u00e0ng \u0111\u1ea7u t\u1ea1i Vi\u1ec7t Nam v\u00e0 khu v\u1ef1c.         \r\n        <\/div>\r\n      <\/div>\r\n\r\n                                                 <div class=\"item\">\r\n        <div class=\"img_wrap\">\r\n          <img width=\"66\" height=\"65\" src=\"https:\/\/longhaiseafood.vn\/wp-content\/uploads\/2024\/06\/Union-1.svg\" class=\"\" alt=\"\" decoding=\"async\" loading=\"lazy\">\r\n        <\/div>\r\n        <div class=\"tt transition-3\"> gi\u00e1 tr\u1ecb c\u1ed1t l\u00f5i <\/div>\r\n        <div class=\"cont\">\r\n          <ul>\n \t<li>Th\u00e2n Thi\u1ec7n<\/li>\n \t<li>Ch\u1ea5t l\u01b0\u1ee3ng<\/li>\n \t<li>Ph\u00e1t tri\u1ec3n<\/li>\n<\/ul>         \r\n        <\/div>\r\n      <\/div>\r\n\r\n                                                 <div class=\"item\">\r\n        <div class=\"img_wrap\">\r\n          <img width=\"66\" height=\"65\" src=\"https:\/\/longhaiseafood.vn\/wp-content\/uploads\/2024\/06\/Group-19105.svg\" class=\"\" alt=\"\" decoding=\"async\" loading=\"lazy\">\r\n        <\/div>\r\n        <div class=\"tt transition-3\"> S\u1ee9 m\u1ec7nh <\/div>\r\n        <div class=\"cont\">\r\n          <ul>\n \t<li>Kh\u00f4ng ng\u1eebng ph\u00e1t tri\u1ec3n.<\/li>\n \t<li>M\u1edf r\u1ed9ng s\u1ea3n xu\u1ea5t<\/li>\n \t<li>\u0110\u00e1p \u1ee9ng th\u1ecb tr\u01b0\u1eddng<\/li>\n<\/ul>         \r\n        <\/div>\r\n      <\/div>\r\n\r\n                               <\/div>\r\n  <\/div>\r\n<\/section>\r\n\r\n    \n\n \r\n   \r\n  <section class=\"section about_4\" id=\"section_4\" style=\"background-image: url('')\">\r\n  <div class=\"grid-container\">\r\n    <div class=\"section_heading aos-init aos-animate\" data-aos=\"fade-up\" data-aos-delay=\"500\" data-aos-duration=\"700\">\r\n      <h1 class=\"sec_title text_center\">  L\u1ecaCH S\u1eec H\u00ccNH TH\u00c0NH  <\/h1>\r\n    <\/div>\r\n    <div class=\"timeline_wrap aos-init active aos-animate\" data-aos=\"fade-up\" data-aos-delay=\"500\" data-aos-duration=\"700\">\r\n                            <div class=\"wrap_item\" style=\"display: block;\">\r\n        <div class=\"item\">\r\n          <div class=\"img_wrap\">\r\n            <img width=\"439\" height=\"251\" src=\"https:\/\/longhaiseafood.vn\/wp-content\/uploads\/2024\/06\/nha-xuong.jpg\" class=\"\" alt=\"\" decoding=\"async\" loading=\"lazy\"  >\r\n          <\/div>\r\n          <div class=\"cont_wrap\">\r\n            <div class=\"year\">2002<\/div>\r\n            <div class=\"content\">\r\n            <h3><strong>H\u00ecnh th\u00e0nh v\u00e0 x\u00e2y d\u1ef1n nh\u00e0 m\u00e1y<\/strong><\/h3>\nTr\u00ean mi\u1ec1n Trung \u0111\u1ea7y n\u1eafng gi\u00f3, n\u01a1i nh\u1eefng con thuy\u1ec1n ra kh\u01a1i \u0111\u00e1nh b\u1eaft h\u1ea3i s\u1ea3n h\u00e0ng ng\u00e0y, C\u00f4ng ty C\u1ed5 ph\u1ea7n Long H\u1ea3i \u0111\u01b0\u1ee3c quy\u1ebft \u0111\u1ecbnh th\u00e0nh l\u1eadp v\u1edbi mong mu\u1ed1n thay \u0111\u1ed5i ng\u00e0nh th\u1ee7y s\u1ea3n Vi\u1ec7t Nam. Ban \u0111\u1ea7u, Long H\u1ea3i ch\u1ec9 l\u00e0 m\u1ed9t nh\u00e0 m\u00e1y nh\u1ecf ven bi\u1ec3n, v\u1edbi trang thi\u1ebft b\u1ecb m\u00e1y m\u00f3c c\u00f2n th\u00f4 s\u01a1.            <\/div>\r\n          <\/div>\r\n          <div class=\"bg_img\">\r\n            <img loading=\"lazy\" decoding=\"async\" width=\"439\" height=\"251\" src=\"https:\/\/longhaiseafood.vn\/wp-content\/uploads\/2024\/06\/nha-xuong.jpg\">\r\n          <\/div>\r\n        <\/div>\r\n      <\/div>\r\n\r\n                                                 <div class=\"wrap_item\" style=\"display: block;\">\r\n        <div class=\"item\">\r\n          <div class=\"img_wrap\">\r\n            <img width=\"439\" height=\"251\" src=\"https:\/\/longhaiseafood.vn\/wp-content\/uploads\/2024\/06\/san-xuat-surimi.jpg\" class=\"\" alt=\"\" decoding=\"async\" loading=\"lazy\"  >\r\n          <\/div>\r\n          <div class=\"cont_wrap\">\r\n            <div class=\"year\">2008<\/div>\r\n            <div class=\"content\">\r\n            <h3><strong>S\u1ea3n xu\u1ea5t Surimi \u0111\u1ea1t 35-40 t\u1ea5n m\u1ed7i ng\u00e0y<\/strong><\/h3>\n\u0110\u1ebfn n\u0103m 2008, v\u1edbi nh\u1eefng n\u1ed7 l\u1ef1c kh\u00f4ng ng\u1eebng ngh\u1ec9, Long H\u1ea3i \u0111\u00e3 th\u00e0nh c\u00f4ng khi s\u1ea3n xu\u1ea5t \u0111\u01b0\u1ee3c d\u00f2ng s\u1ea3n ph\u1ea9m Surimi \u0111\u1ea7u ti\u00ean. Nh\u1eefng mi\u1ebfng surimi tr\u1eafng, d\u1ebbo, th\u01a1m ngon \u0111\u01b0\u1ee3c s\u1ea3n xu\u1ea5t t\u1eeb  nh\u00e0 m\u00e1y Long H\u1ea3i \u0111\u00e3 nhanh ch\u00f3ng chi\u1ebfm \u0111\u01b0\u1ee3c c\u1ea3m t\u00ecnh c\u1ee7a th\u1ef1c kh\u00e1ch. C\u00f4ng su\u1ea5t \u0111\u1ea1t 35-40 t\u1ea5n\/ng\u00e0y, con s\u1ed1 tr\u01b0\u1edbc \u0111\u00e2y ch\u1ec9 l\u00e0 gi\u1ea5c m\u01a1 nh\u01b0ng nay \u0111\u00e3 tr\u1edf th\u00e0nh hi\u1ec7n th\u1ef1c, m\u1edf ra m\u1ed9t ch\u01b0\u01a1ng m\u1edbi cho Long H\u1ea3i.            <\/div>\r\n          <\/div>\r\n          <div class=\"bg_img\">\r\n            <img loading=\"lazy\" decoding=\"async\" width=\"439\" height=\"251\" src=\"https:\/\/longhaiseafood.vn\/wp-content\/uploads\/2024\/06\/san-xuat-surimi.jpg\">\r\n          <\/div>\r\n        <\/div>\r\n      <\/div>\r\n\r\n                                                 <div class=\"wrap_item\" style=\"display: block;\">\r\n        <div class=\"item\">\r\n          <div class=\"img_wrap\">\r\n            <img width=\"439\" height=\"251\" src=\"https:\/\/longhaiseafood.vn\/wp-content\/uploads\/2024\/06\/Phi-le.jpg\" class=\"\" alt=\"\" decoding=\"async\" loading=\"lazy\"  >\r\n          <\/div>\r\n          <div class=\"cont_wrap\">\r\n            <div class=\"year\">2010<\/div>\r\n            <div class=\"content\">\r\n            <h3><strong>S\u1ea3n xu\u1ea5t Phi l\u00ea v\u00e0 b\u1ed9t c\u00e1<\/strong><\/h3>\nH\u00e0nh tr\u00ecnh ph\u00e1t tri\u1ec3n kh\u00f4ng d\u1eebng l\u1ea1i \u1edf \u0111\u00f3. N\u0103m 2010, Long H\u1ea3i ti\u1ebfp t\u1ee5c m\u1edf r\u1ed9ng danh m\u1ee5c s\u1ea3n ph\u1ea9m v\u1edbi s\u1ea3n ph\u1ea9m phi l\u00ea v\u00e0 b\u1ed9t c\u00e1. C\u00e1c lo\u1ea1i c\u00e1 l\u1edbn nh\u01b0 c\u00e1 polock Alaska v\u00e0 c\u00e1 thu Th\u00e1i B\u00ecnh D\u01b0\u01a1ng \u0111\u01b0\u1ee3c ch\u1ebf bi\u1ebfn th\u00e0nh nh\u1eefng mi\u1ebfng phi l\u00ea ch\u1ea5t l\u01b0\u1ee3ng cao, h\u1ea5p d\u1eabn, ph\u00f9 h\u1ee3p v\u1edbi th\u1ecb hi\u1ebfu c\u1ee7a nh\u1eefng th\u1ecb tr\u01b0\u1eddng kh\u00f3 t\u00ednh nh\u1ea5t. \u0110\u1ed9i ng\u0169 c\u00f4ng nh\u00e2n t\u1ea1i Long H\u1ea3i v\u1edbi tay ngh\u1ec1 cao v\u00e0 kinh nghi\u1ec7m d\u00e0y d\u1eb7n \u0111\u00e3 kh\u00f4ng ng\u1eebng n\u1ed7 l\u1ef1c \u0111\u1ec3 mang \u0111\u1ebfn nh\u1eefng s\u1ea3n ph\u1ea9m tuy\u1ec7t v\u1eddi \u0111\u00e1p \u1ee9ng nhu c\u1ea7u c\u1ee7a kh\u00e1ch h\u00e0ng trong v\u00e0 ngo\u00e0i n\u01b0\u1edbc.            <\/div>\r\n          <\/div>\r\n          <div class=\"bg_img\">\r\n            <img loading=\"lazy\" decoding=\"async\" width=\"439\" height=\"251\" src=\"https:\/\/longhaiseafood.vn\/wp-content\/uploads\/2024\/06\/Phi-le.jpg\">\r\n          <\/div>\r\n        <\/div>\r\n      <\/div>\r\n\r\n                               <\/div>\r\n  <\/div>\r\n<\/section>\r\n    \n\n      <section class=\"section members home_5 cus_bg\" id=\"section_5\" style=\"background-image: url('https:\/\/longhaiseafood.vn\/wp-content\/uploads\/2024\/06\/bgr-2-3.png')\">\r\n      <div class=\"grid-container\">\r\n        <div class=\"section_heading text_center aos-init aos-animate\" data-aos=\"fade-up\" data-aos-delay=\"500\" data-aos-duration=\"700\">\r\n          <div class=\"sec_title t_white\"> N\u0102NG L\u1ef0C S\u1ea2N XU\u1ea4T <\/div>\r\n          <div class=\"sec_des t_white\">\r\n             \r\n          <\/div>\r\n        <\/div>\r\n        <div class=\"box_swiper aos-init aos-animate\" data-aos=\"fade-up\" data-aos-delay=\"500\" data-aos-duration=\"700\">\r\n          <div class=\"swiper membersSwiper swiper-initialized swiper-horizontal swiper-pointer-events swiper-backface-hidden\">\r\n            <div class=\"swiper-wrapper\" id=\"swiper-wrapper-1a467675d97956e6\" aria-live=\"off\" style=\"transform: translate3d(0px, 0px, 0px);\">\r\n                                           <div class=\"swiper-slide\" role=\"group\" aria-label=\"3 \/ 3\" style=\"width: 303.333px; margin-right: 85px;\">\r\n                <div class=\"logo_wrap\">\r\n                                                <a target=\"\" href=\"https:\/\/longhaiseafood.vn\/wp-content\/uploads\/2024\/06\/nha-xuong.png\">\r\n                    <img width=\"155\" height=\"151\" src=\"https:\/\/longhaiseafood.vn\/wp-content\/uploads\/2024\/06\/nha-xuong.png\" class=\"\" alt=\"\" decoding=\"async\" loading=\"lazy\">\r\n                  <\/a>\r\n                           \r\n                                        \r\n                <\/div>\r\n                <div class=\"cont_wrap\">\r\n                  <div class=\"name t_white\">\r\n                    NH\u00c0 M\u00c1Y                   \r\n                  <\/div>\r\n                  <div class=\"des t_white\"> \r\n                        <ul>\n <li>Kho nguy\u00ean li\u1ec7u\n 1.500 m\u00e9t vu\u00f4ng (m2)<\/li>\n <li>Nh\u00e0 m\u00e1y s\u01a1 ch\u1ebf h\u1ea3i s\u1ea3n: 2.800 m\u00e9t vu\u00f4ng (m2)<\/li>\n <li>Nh\u00e0 m\u00e1y Surimi: 1.800 m\u00e9t vu\u00f4ng (m2)<\/li>\n <li>N\u0103ng l\u1ef1c s\u1ea3n xu\u1ea5t Surimi: 10.000 t\u1ea5n\/n\u0103m<\/li>\n <li>Kho l\u1ea1nh: 1.000 m\u00e9t vu\u00f4ng (m2)<\/li>\n <li>Nh\u00e0 m\u00e1y b\u1ed9t c\u00e1 &amp; Kho: 6.000 m\u00e9t vu\u00f4ng (m2)<\/li>\n <li>Nh\u00e0 m\u00e1y s\u1ea5y: 1.600 m\u00e9t vu\u00f4ng (m2)<\/li>\n <li>N\u0103ng l\u1ef1c s\u1ea3n xu\u1ea5t h\u1ea3i s\u1ea3n kh\u00f4: 1.000 t\u1ea5n\/n\u0103m<\/li>\n<\/ul> <\/div>\r\n                <\/div>\r\n              <\/div>\r\n                                                        <div class=\"swiper-slide\" role=\"group\" aria-label=\"3 \/ 3\" style=\"width: 303.333px; margin-right: 85px;\">\r\n                <div class=\"logo_wrap\">\r\n                                                <a target=\"\" href=\"https:\/\/longhaiseafood.vn\/wp-content\/uploads\/2024\/06\/thiet-bi.png\">\r\n                    <img width=\"155\" height=\"151\" src=\"https:\/\/longhaiseafood.vn\/wp-content\/uploads\/2024\/06\/thiet-bi.png\" class=\"\" alt=\"\" decoding=\"async\" loading=\"lazy\">\r\n                  <\/a>\r\n                           \r\n                                        \r\n                <\/div>\r\n                <div class=\"cont_wrap\">\r\n                  <div class=\"name t_white\">\r\n                    THI\u1ebeT B\u1eca                   \r\n                  <\/div>\r\n                  <div class=\"des t_white\"> \r\n                        <ul>\n  <li>D\u00e2y chuy\u1ec1n s\u1ea3n xu\u1ea5t SURIMI, c\u00f4ng su\u1ea5t 100 t\u1ea5n nguy\u00ean li\u1ec7u\/01 d\u00e2y chuy\u1ec1n;<\/li>\n  <li>T\u1ee7 \u0111\u00f4ng th\u1ed5i kh\u00ed;<\/li>\n  <li>Nh\u00e0 m\u00e1y Surimi: 1.800 m\u00e9t vu\u00f4ng (m2)<\/li>\n  <li>Kho \u0111\u00f4ng l\u1ea1nh (1000 t\u1ea5n);<\/li>\n  <li>D\u00e2y chuy\u1ec1n s\u1ea3n xu\u1ea5t b\u1ed9t c\u00e1, t\u1ed5ng c\u00f4ng su\u1ea5t: 500 t\u1ea5n nguy\u00ean li\u1ec7u\/ng\u00e0y;<\/li>\n  <li> L\u00f2 s\u1ea5y nhi\u1ec7t, t\u1ed5ng c\u00f4ng su\u1ea5t: 20 t\u1ea5n nguy\u00ean li\u1ec7u\/ng\u00e0y.<\/li>\n<\/ul> <\/div>\r\n                <\/div>\r\n              <\/div>\r\n                                                        <div class=\"swiper-slide\" role=\"group\" aria-label=\"3 \/ 3\" style=\"width: 303.333px; margin-right: 85px;\">\r\n                <div class=\"logo_wrap\">\r\n                                                <a target=\"\" href=\"https:\/\/longhaiseafood.vn\/wp-content\/uploads\/2024\/06\/Phong-thi-nghiem.png\">\r\n                    <img width=\"155\" height=\"151\" src=\"https:\/\/longhaiseafood.vn\/wp-content\/uploads\/2024\/06\/Phong-thi-nghiem.png\" class=\"\" alt=\"\" decoding=\"async\" loading=\"lazy\">\r\n                  <\/a>\r\n                           \r\n                                        \r\n                <\/div>\r\n                <div class=\"cont_wrap\">\r\n                  <div class=\"name t_white\">\r\n                    PH\u00d2NG NGHI\u00caN C\u1ee8U                   \r\n                  <\/div>\r\n                  <div class=\"des t_white\"> \r\n                        <ul>\n <li>D\u00e2y chuy\u1ec1n s\u1ea3n xu\u1ea5t SURIMI, c\u00f4ng su\u1ea5t 100 t\u1ea5n nguy\u00ean li\u1ec7u\/01 d\u00e2y chuy\u1ec1n;<\/li>\n <li>T\u1ee7 \u0111\u00f4ng gi\u00f3; <\/li>\n <li>Nh\u00e0 m\u00e1y Surimi: 1.800 m\u00e9t vu\u00f4ng (m2)<\/li>\n <li>Kho \u0111\u00f4ng l\u1ea1nh (1000 t\u1ea5n); <\/li>\n <li>D\u00e2y chuy\u1ec1n s\u1ea3n xu\u1ea5t b\u1ed9t c\u00e1, t\u1ed5ng c\u00f4ng su\u1ea5t: 500 t\u1ea5n nguy\u00ean li\u1ec7u\/ng\u00e0y;<\/li>\n <li>L\u00f2 s\u1ea5y nhi\u1ec7t, t\u1ed5ng c\u00f4ng su\u1ea5t: 20 t\u1ea5n nguy\u00ean li\u1ec7u\/ng\u00e0y.<\/li>\n<\/ul> <\/div>\r\n                <\/div>\r\n              <\/div>\r\n                                                        <div class=\"swiper-slide\" role=\"group\" aria-label=\"3 \/ 3\" style=\"width: 303.333px; margin-right: 85px;\">\r\n                <div class=\"logo_wrap\">\r\n                                                <a target=\"\" href=\"https:\/\/longhaiseafood.vn\/wp-content\/uploads\/2024\/06\/nuoc-va-moi-truong.png\">\r\n                    <img width=\"155\" height=\"151\" src=\"https:\/\/longhaiseafood.vn\/wp-content\/uploads\/2024\/06\/nuoc-va-moi-truong.png\" class=\"\" alt=\"\" decoding=\"async\" loading=\"lazy\">\r\n                  <\/a>\r\n                           \r\n                                        \r\n                <\/div>\r\n                <div class=\"cont_wrap\">\r\n                  <div class=\"name t_white\">\r\n                    N\u01af\u1edaC V\u00c0 M\u00d4I TR\u01af\u1edcNG                   \r\n                  <\/div>\r\n                  <div class=\"des t_white\"> \r\n                        Ngu\u1ed3n: N\u01b0\u1edbc t\u1eeb c\u00f4ng ty n\u01b0\u1edbc s\u1ea1ch ANH PH\u00c1T |\nPh\u01b0\u01a1ng ph\u00e1p x\u1eed l\u00fd: b\u1eb1ng clo <\/div>\r\n                <\/div>\r\n              <\/div>\r\n                                                                  <\/div>\r\n            <span class=\"swiper-notification\" aria-live=\"assertive\" aria-atomic=\"true\"><\/span>\r\n          <\/div>\r\n          <div class=\"swiper_btn prev swiper-button-disabled swiper-button-lock\" tabindex=\"-1\" role=\"button\" aria-label=\"Previous slide\" aria-controls=\"swiper-wrapper-1a467675d97956e6\" aria-disabled=\"true\">\r\n            <svg width=\"26\" height=\"45\" viewBox=\"0 0 26 45\" fill=\"none\" xmlns=\"http:\/\/www.w3.org\/2000\/svg\">\r\n              <path d=\"M23 42L3 22.5L23 3\" stroke=\"#333333\" stroke-width=\"3\" stroke-linecap=\"square\"><\/path>\r\n            <\/svg>\r\n          <\/div>\r\n          <div class=\"swiper_btn next swiper-button-disabled swiper-button-lock\" tabindex=\"-1\" role=\"button\" aria-label=\"Next slide\" aria-controls=\"swiper-wrapper-1a467675d97956e6\" aria-disabled=\"true\">\r\n            <svg width=\"26\" height=\"45\" viewBox=\"0 0 26 45\" fill=\"none\" xmlns=\"http:\/\/www.w3.org\/2000\/svg\">\r\n              <path d=\"M3 3L23 22.5L3 42\" stroke=\"#333333\" stroke-width=\"3\" stroke-linecap=\"square\"><\/path>\r\n            <\/svg>\r\n          <\/div>\r\n        <\/div>\r\n      <\/div>\r\n    <\/section>\r\n    \n\n\n","protected":false},"excerpt":{"rendered":"","protected":false},"author":1,"featured_media":0,"parent":0,"menu_order":0,"comment_status":"closed","ping_status":"closed","template":"","meta":{"footnotes":""},"class_list":["post-533","page","type-page","status-publish","hentry"],"acf":[],"_hostinger_reach_plugin_has_subscription_block":false,"_hostinger_reach_plugin_is_elementor":false,"_links":{"self":[{"href":"https:\/\/longhaiseafood.vn\/vi\/wp-json\/wp\/v2\/pages\/533","targetHints":{"allow":["GET"]}}],"collection":[{"href":"https:\/\/longhaiseafood.vn\/vi\/wp-json\/wp\/v2\/pages"}],"about":[{"href":"https:\/\/longhaiseafood.vn\/vi\/wp-json\/wp\/v2\/types\/page"}],"author":[{"embeddable":true,"href":"https:\/\/longhaiseafood.vn\/vi\/wp-json\/wp\/v2\/users\/1"}],"replies":[{"embeddable":true,"href":"https:\/\/longhaiseafood.vn\/vi\/wp-json\/wp\/v2\/comments?post=533"}],"version-history":[{"count":8,"href":"https:\/\/longhaiseafood.vn\/vi\/wp-json\/wp\/v2\/pages\/533\/revisions"}],"predecessor-version":[{"id":997,"href":"https:\/\/longhaiseafood.vn\/vi\/wp-json\/wp\/v2\/pages\/533\/revisions\/997"}],"wp:attachment":[{"href":"https:\/\/longhaiseafood.vn\/vi\/wp-json\/wp\/v2\/media?parent=533"}],"curies":[{"name":"wp","href":"https:\/\/api.w.org\/{rel}","templated":true}]}}